{"id":836,"date":"2025-02-12T07:24:35","date_gmt":"2025-02-12T07:24:35","guid":{"rendered":"https:\/\/institutogrupofuturo.ong.br\/?page_id=836"},"modified":"2025-02-12T07:24:35","modified_gmt":"2025-02-12T07:24:35","slug":"eventos-e-cursos","status":"publish","type":"page","link":"https:\/\/institutogrupofuturo.ong.br\/index.php\/eventos-e-cursos\/","title":{"rendered":"Eventos e Cursos"},"content":{"rendered":"<h1 style=\"text-align: center;\">P\u00e1gina em Constru\u00e7\u00e3o<\/h1>\n","protected":false},"excerpt":{"rendered":"<p>P\u00e1gina em Constru\u00e7\u00e3o<\/p>\n","protected":false},"author":1,"featured_media":0,"parent":0,"menu_order":0,"comment_status":"closed","ping_status":"closed","template":"","meta":{"footnotes":""},"class_list":["post-836","page","type-page","status-publish","hentry"],"_links":{"self":[{"href":"https:\/\/institutogrupofuturo.ong.br\/index.php\/wp-json\/wp\/v2\/pages\/836","targetHints":{"allow":["GET"]}}],"collection":[{"href":"https:\/\/institutogrupofuturo.ong.br\/index.php\/wp-json\/wp\/v2\/pages"}],"about":[{"href":"https:\/\/institutogrupofuturo.ong.br\/index.php\/wp-json\/wp\/v2\/types\/page"}],"author":[{"embeddable":true,"href":"https:\/\/institutogrupofuturo.ong.br\/index.php\/wp-json\/wp\/v2\/users\/1"}],"replies":[{"embeddable":true,"href":"https:\/\/institutogrupofuturo.ong.br\/index.php\/wp-json\/wp\/v2\/comments?post=836"}],"version-history":[{"count":1,"href":"https:\/\/institutogrupofuturo.ong.br\/index.php\/wp-json\/wp\/v2\/pages\/836\/revisions"}],"predecessor-version":[{"id":837,"href":"https:\/\/institutogrupofuturo.ong.br\/index.php\/wp-json\/wp\/v2\/pages\/836\/revisions\/837"}],"wp:attachment":[{"href":"https:\/\/institutogrupofuturo.ong.br\/index.php\/wp-json\/wp\/v2\/media?parent=836"}],"curies":[{"name":"wp","href":"https:\/\/api.w.org\/{rel}","templated":true}]}}