{"id":127,"date":"2024-04-22T19:24:15","date_gmt":"2024-04-22T19:24:15","guid":{"rendered":"https:\/\/henriquedornas.com\/igf-novo\/?page_id=127"},"modified":"2024-04-22T21:17:53","modified_gmt":"2024-04-22T21:17:53","slug":"projeto-nova-chance","status":"publish","type":"page","link":"https:\/\/institutogrupofuturo.ong.br\/index.php\/projeto-nova-chance\/","title":{"rendered":"Nova Chance"},"content":{"rendered":"<p><strong>**Projeto Nova Chance: Transformando Vidas, Construindo Futuros**<\/strong><\/p>\n<p><img fetchpriority=\"high\" decoding=\"async\" class=\"wp-image-67 aligncenter\" src=\"https:\/\/henriquedornas.com\/igf-novo\/wp-content\/uploads\/2024\/04\/18386222631-300x200.jpg\" alt=\"\" width=\"578\" height=\"385\" srcset=\"https:\/\/institutogrupofuturo.ong.br\/wp-content\/uploads\/2024\/04\/18386222631-300x200.jpg 300w, https:\/\/institutogrupofuturo.ong.br\/wp-content\/uploads\/2024\/04\/18386222631-1024x683.jpg 1024w, https:\/\/institutogrupofuturo.ong.br\/wp-content\/uploads\/2024\/04\/18386222631-768x513.jpg 768w, https:\/\/institutogrupofuturo.ong.br\/wp-content\/uploads\/2024\/04\/18386222631.jpg 1500w\" sizes=\"(max-width: 578px) 100vw, 578px\" \/><\/p>\n<p>O Instituto Grupo Futuro tem o prazer de apresentar o Projeto Nova Chance, uma iniciativa dedicada a oferecer uma segunda oportunidade para aqueles que buscam reconstruir suas vidas.<\/p>\n<p>Nosso projeto visa apoiar indiv\u00edduos que enfrentam desafios como a reintegra\u00e7\u00e3o social ap\u00f3s pris\u00e3o, o enfrentamento de v\u00edcios ou situa\u00e7\u00f5es de vulnerabilidade, fornecendo recursos, orienta\u00e7\u00e3o e apoio necess\u00e1rio para que possam se reintegrar \u00e0 sociedade de forma produtiva e positiva.<\/p>\n<p>Acreditamos que todos merecem uma segunda chance e estamos comprometidos em oferecer um ambiente acolhedor e empoderador para aqueles que desejam fazer uma mudan\u00e7a positiva em suas vidas. Por meio de programas de capacita\u00e7\u00e3o, mentoria, apoio psicossocial e encaminhamento para oportunidades de trabalho e educa\u00e7\u00e3o, ajudamos nossos benefici\u00e1rios a construir um futuro promissor.<\/p>\n<p>No Projeto Nova Chance, n\u00e3o apenas oferecemos suporte pr\u00e1tico, mas tamb\u00e9m cultivamos um ambiente de respeito, compreens\u00e3o e esperan\u00e7a. Acreditamos no potencial transformador das pessoas e estamos aqui para apoi\u00e1-las em sua jornada de crescimento e recome\u00e7o.<\/p>\n<p>Junte-se a n\u00f3s nesta miss\u00e3o de dar esperan\u00e7a e oportunidades para aqueles que mais precisam. Sua contribui\u00e7\u00e3o pode fazer toda a diferen\u00e7a na vida de algu\u00e9m que est\u00e1 buscando uma nova chance. Vamos trabalhar juntos para transformar vidas e construir futuros cheios de possibilidades.<\/p>\n","protected":false},"excerpt":{"rendered":"<p>**Projeto Nova Chance: Transformando Vidas, Construindo Futuros** O Instituto Grupo Futuro tem o prazer de apresentar o Projeto Nova Chance, uma iniciativa dedicada a oferecer uma segunda oportunidade para aqueles que buscam reconstruir suas vidas. Nosso projeto visa apoiar indiv\u00edduos que enfrentam desafios como a reintegra\u00e7\u00e3o social ap\u00f3s pris\u00e3o, o enfrentamento de v\u00edcios ou situa\u00e7\u00f5es [&hellip;]<\/p>\n","protected":false},"author":1,"featured_media":0,"parent":0,"menu_order":0,"comment_status":"closed","ping_status":"closed","template":"","meta":{"footnotes":""},"class_list":["post-127","page","type-page","status-publish","hentry"],"_links":{"self":[{"href":"https:\/\/institutogrupofuturo.ong.br\/index.php\/wp-json\/wp\/v2\/pages\/127","targetHints":{"allow":["GET"]}}],"collection":[{"href":"https:\/\/institutogrupofuturo.ong.br\/index.php\/wp-json\/wp\/v2\/pages"}],"about":[{"href":"https:\/\/institutogrupofuturo.ong.br\/index.php\/wp-json\/wp\/v2\/types\/page"}],"author":[{"embeddable":true,"href":"https:\/\/institutogrupofuturo.ong.br\/index.php\/wp-json\/wp\/v2\/users\/1"}],"replies":[{"embeddable":true,"href":"https:\/\/institutogrupofuturo.ong.br\/index.php\/wp-json\/wp\/v2\/comments?post=127"}],"version-history":[{"count":2,"href":"https:\/\/institutogrupofuturo.ong.br\/index.php\/wp-json\/wp\/v2\/pages\/127\/revisions"}],"predecessor-version":[{"id":350,"href":"https:\/\/institutogrupofuturo.ong.br\/index.php\/wp-json\/wp\/v2\/pages\/127\/revisions\/350"}],"wp:attachment":[{"href":"https:\/\/institutogrupofuturo.ong.br\/index.php\/wp-json\/wp\/v2\/media?parent=127"}],"curies":[{"name":"wp","href":"https:\/\/api.w.org\/{rel}","templated":true}]}}